{"id":1376,"date":"2021-10-17T05:53:18","date_gmt":"2021-10-17T05:53:18","guid":{"rendered":"http:\/\/pfarrsprengel-garz.de\/?page_id=1376"},"modified":"2026-01-28T07:18:37","modified_gmt":"2026-01-28T07:18:37","slug":"taize-gottesdienste","status":"publish","type":"page","link":"https:\/\/pfarrsprengel-garz.de\/?page_id=1376","title":{"rendered":"Taiz\u00e9-Gottesdienste"},"content":{"rendered":"<p><span style=\"font-size: 12pt;\"><img decoding=\"async\" loading=\"lazy\" class=\"alignleft\" src=\"https:\/\/pfarrsprengel-garz.de\/wp-content\/uploads\/2021\/10\/Taize-2.jpg\" alt=\"\" width=\"118\" height=\"172\" \/><\/span><span style=\"font-size: 12pt;\">\u00a0 \u00a0 \u00a0 \u00a0 \u00a0 \u00a0 \u00a0 \u00a0 \u00a0 \u00a0 \u00a0 \u00a0 \u00a0 \u00a0 \u00a0 \u00a0 \u00a0 \u00a0 \u00a0 \u00a0 \u00a0 \u00a0 \u00a0 \u00a0\u00a0<\/span><span style=\"font-size: 12pt;\"><img decoding=\"async\" loading=\"lazy\" class=\"alignleft\" src=\"https:\/\/pfarrsprengel-garz.de\/wp-content\/uploads\/2021\/10\/Taize-1.jpg\" alt=\"\" width=\"178\" height=\"169\" \/> <\/span><\/p>\n<p style=\"text-align: justify;\"><span style=\"font-size: 12pt;\">Taize ist ein kleines Dorf im s\u00fcdburgundischen Frankreich mit einem kleinen Kloster moderner Pr\u00e4gung. 1942 hat Roger Schutz diese \u00f6kumenische Gemeinschaft gegr\u00fcndet und war bis zu seiner Ermordung 2005 deren Prior. Die Br\u00fcder dieser Kommunit\u00e4t laden Jugendliche aus aller Welt ein, um mit ihnen zu beten, die Bibel zu lesen und Orientierung f\u00fcr ihren Alltag zu finden.<\/span><\/p>\n<p style=\"text-align: justify;\"><span style=\"font-size: 12pt;\">Drei Mal t\u00e4glich trifft sich die Gemeinschaft zur Andacht in der Kirche. Bekannt sind diese Gebetszeiten vor allem durch die kurzen Ges\u00e4nge, die mehrfach wiederholt werden. So findet man sich schnell in die Ges\u00e4nge hinein und kann sie mitsingen. Pr\u00e4gend f\u00fcr die Andachten und Gottesdienste sind auch die Zeit der gemeinsamen Stille anstelle einer Verk\u00fcndigung.<\/span><\/p>\n<p><img decoding=\"async\" loading=\"lazy\" class=\"\" src=\"https:\/\/pfarrsprengel-garz.de\/wp-content\/uploads\/2021\/10\/Taize-3.jpg\" alt=\"\" width=\"276\" height=\"207\" \/><\/p>\n<p style=\"text-align: justify;\"><span style=\"font-size: 12pt;\">Inzwischen gibt es nicht nur in Taiz\u00e9, sondern an vielen Orten der Welt Andachten und Gottesdienste mit den Ges\u00e4ngen der Kommunit\u00e4t in Taiz\u00e9 und viele Menschen werden durch diese besondere Form besonders ber\u00fchrt. Auch in unserer Gemeinde wollen wir regelm\u00e4\u00dfig Taiz\u00e9-Gottesdienste feiern.<\/span><\/p>\n<p><span style=\"font-size: 14pt; color: #0000ff;\"><strong>N\u00e4chster Taiz\u00e9-Gottesdienst<\/strong><\/span><span style=\"font-size: 12pt; color: #0000ff;\"><strong><span style=\"font-size: 14pt;\">:<\/span> \u00a0 <\/strong><\/span><\/p>\n<p><strong><span style=\"font-size: 12pt;\">Sonntag, 19. April \u00a0in der St. Petri-Kirche Garz<\/span><\/strong><\/p>\n","protected":false},"excerpt":{"rendered":"<p>\u00a0 \u00a0 \u00a0 \u00a0 \u00a0 \u00a0 \u00a0 \u00a0 \u00a0 \u00a0 \u00a0 \u00a0 \u00a0 \u00a0 \u00a0 \u00a0 \u00a0 \u00a0 \u00a0 \u00a0 \u00a0 \u00a0 \u00a0 \u00a0\u00a0 Taize ist ein kleines Dorf im s\u00fcdburgundischen Frankreich mit einem kleinen Kloster moderner Pr\u00e4gung. 1942 hat Roger Schutz diese \u00f6kumenische Gemeinschaft gegr\u00fcndet und war bis zu seiner Ermordung 2005 deren Prior. [&hellip;]<\/p>\n","protected":false},"author":3,"featured_media":0,"parent":0,"menu_order":0,"comment_status":"closed","ping_status":"closed","template":"","meta":[],"_links":{"self":[{"href":"https:\/\/pfarrsprengel-garz.de\/index.php?rest_route=\/wp\/v2\/pages\/1376"}],"collection":[{"href":"https:\/\/pfarrsprengel-garz.de\/index.php?rest_route=\/wp\/v2\/pages"}],"about":[{"href":"https:\/\/pfarrsprengel-garz.de\/index.php?rest_route=\/wp\/v2\/types\/page"}],"author":[{"embeddable":true,"href":"https:\/\/pfarrsprengel-garz.de\/index.php?rest_route=\/wp\/v2\/users\/3"}],"replies":[{"embeddable":true,"href":"https:\/\/pfarrsprengel-garz.de\/index.php?rest_route=%2Fwp%2Fv2%2Fcomments&post=1376"}],"version-history":[{"count":48,"href":"https:\/\/pfarrsprengel-garz.de\/index.php?rest_route=\/wp\/v2\/pages\/1376\/revisions"}],"predecessor-version":[{"id":3769,"href":"https:\/\/pfarrsprengel-garz.de\/index.php?rest_route=\/wp\/v2\/pages\/1376\/revisions\/3769"}],"wp:attachment":[{"href":"https:\/\/pfarrsprengel-garz.de\/index.php?rest_route=%2Fwp%2Fv2%2Fmedia&parent=1376"}],"curies":[{"name":"wp","href":"https:\/\/api.w.org\/{rel}","templated":true}]}}