{"id":1815,"date":"2022-05-03T15:24:49","date_gmt":"2022-05-03T15:24:49","guid":{"rendered":"http:\/\/pfarrsprengel-garz.de\/?page_id=1815"},"modified":"2026-04-06T06:47:32","modified_gmt":"2026-04-06T06:47:32","slug":"besondere-gottesdienste","status":"publish","type":"page","link":"https:\/\/pfarrsprengel-garz.de\/?page_id=1815","title":{"rendered":"Besondere Gottesdienste"},"content":{"rendered":"<div class=\"page\" title=\"Page 7\">\n<div class=\"page\" title=\"Page 5\">\n<div class=\"layoutArea\">\n<div class=\"column\">\n<div class=\"page\" title=\"Page 5\">\n<div class=\"layoutArea\"><\/div>\n<\/div>\n<\/div>\n<\/div>\n<\/div>\n<\/div>\n<div class=\"page\" title=\"Page 6\">\n<div class=\"layoutArea\">\n<div class=\"column\">\n<p><span style=\"color: #0000ff; font-size: 14pt;\"><strong>Vorstellungsgottesdienst der Konfirmanden \/ Konfirmationsgottesdienst<\/strong><\/span><\/p>\n<p><span style=\"font-size: 12pt;\">Am <strong>Sonntag, dem 26. April um 10:30 Uhr in der St. Petri-Kirche Garz<\/strong> stellen sich die Konfirmanden, die in diesem Jahr in unserem Pfarrsprengel konfirmiert werden, in einem gemeinsamen Gottesdienst f\u00fcr den ganzen Pfarrsprengel vor. Die Konfirmanden werden den Gottesdienst gemeinsam gestalten und wir laden die Gemeinden dazu herzlich ein.<\/span><\/p>\n<p><span style=\"font-size: 12pt;\">Am <strong>Pfingstsonntag<\/strong> werden die Jugendlichen dann um <strong>14:00 Uhr in der St. Stephanus-Kirche in Swantow<\/strong> konfirmiert. Auch dazu sind die Gemeinden herzlich eingeladen!!!!<\/span><\/p>\n<\/div>\n<\/div>\n<p>&nbsp;<\/p>\n<p><span style=\"color: #0000ff; font-size: 14pt;\"><strong>Inselgottesdienst in Bergen<\/strong><\/span><\/p>\n<p><span style=\"font-size: 12pt;\">Am Sonntag Kantate, \u00a0dem<strong> 3. Mai<\/strong> laden die Kirchengemeinden der Insel R\u00fcgen zu einem gemeinsamen Gottesdienst in die <strong>St. Marien-Kirche in Bergen<\/strong> ein. Der Gottesdienst beginnt um <strong>10:30 Uhr<\/strong> und und wird von Ch\u00f6ren und Bl\u00e4serch\u00f6ren der Insel musikalisch gestaltet. Im Anschluss an den Gottesdienst ist bei einem Mittagsimbiss Zeit zur Begegnung und zum Gespr\u00e4ch.<\/span><\/p>\n<div class=\"layoutArea\">\n<div class=\"column\">\n<p>&nbsp;<\/p>\n<\/div>\n<\/div>\n<\/div>\n<p>&nbsp;<\/p>\n","protected":false},"excerpt":{"rendered":"<p>Vorstellungsgottesdienst der Konfirmanden \/ Konfirmationsgottesdienst Am Sonntag, dem 26. April um 10:30 Uhr in der St. Petri-Kirche Garz stellen sich die Konfirmanden, die in diesem Jahr in unserem Pfarrsprengel konfirmiert werden, in einem gemeinsamen Gottesdienst f\u00fcr den ganzen Pfarrsprengel vor. Die Konfirmanden werden den Gottesdienst gemeinsam gestalten und wir laden die Gemeinden dazu herzlich ein. [&hellip;]<\/p>\n","protected":false},"author":3,"featured_media":0,"parent":0,"menu_order":0,"comment_status":"closed","ping_status":"closed","template":"","meta":[],"_links":{"self":[{"href":"https:\/\/pfarrsprengel-garz.de\/index.php?rest_route=\/wp\/v2\/pages\/1815"}],"collection":[{"href":"https:\/\/pfarrsprengel-garz.de\/index.php?rest_route=\/wp\/v2\/pages"}],"about":[{"href":"https:\/\/pfarrsprengel-garz.de\/index.php?rest_route=\/wp\/v2\/types\/page"}],"author":[{"embeddable":true,"href":"https:\/\/pfarrsprengel-garz.de\/index.php?rest_route=\/wp\/v2\/users\/3"}],"replies":[{"embeddable":true,"href":"https:\/\/pfarrsprengel-garz.de\/index.php?rest_route=%2Fwp%2Fv2%2Fcomments&post=1815"}],"version-history":[{"count":143,"href":"https:\/\/pfarrsprengel-garz.de\/index.php?rest_route=\/wp\/v2\/pages\/1815\/revisions"}],"predecessor-version":[{"id":3875,"href":"https:\/\/pfarrsprengel-garz.de\/index.php?rest_route=\/wp\/v2\/pages\/1815\/revisions\/3875"}],"wp:attachment":[{"href":"https:\/\/pfarrsprengel-garz.de\/index.php?rest_route=%2Fwp%2Fv2%2Fmedia&parent=1815"}],"curies":[{"name":"wp","href":"https:\/\/api.w.org\/{rel}","templated":true}]}}