{"id":3088,"date":"2024-09-24T05:16:52","date_gmt":"2024-09-24T05:16:52","guid":{"rendered":"https:\/\/pfarrsprengel-garz.de\/?page_id=3088"},"modified":"2026-02-21T12:45:49","modified_gmt":"2026-02-21T12:45:49","slug":"senioren-2","status":"publish","type":"page","link":"https:\/\/pfarrsprengel-garz.de\/?page_id=3088","title":{"rendered":"Erwachsene"},"content":{"rendered":"<p><span style=\"font-size: 14pt; color: #0000ff;\"><strong>Seniorensportgruppe<\/strong><\/span><\/p>\n<p><span style=\"font-size: 12pt;\">jeden Montag um 14:00 Uhr im Gemeinderaum in Garz<\/span><\/p>\n<p><span style=\"font-size: 14pt; color: #0000ff;\"><strong>Seniorengruppe<\/strong><\/span><\/p>\n<p><span style=\"font-size: 12pt;\">jeden Dienstag um 14:30 Uhr im Gemeinderaum in Garz<\/span><\/p>\n<p><span style=\"color: #0000ff; font-size: 14pt;\"><strong>Gemeinsamer Nachmittag der Senioren des Pfarrsprengel<\/strong><\/span><\/p>\n<p style=\"font-weight: 400;\"><span style=\"font-size: 12pt;\">Zu gemeinsamen Nachmittagen der Senioren des Pfarrsprengels laden wir Sie herzlich in das Gemeinderaum in Garz. <\/span><span style=\"font-size: 12pt;\">Wir <strong>beginnen um 14:30 Uhr<\/strong> mit Kaffee und Kuchen. Anschlie\u00dfend ist Zeit zum Singen, f\u00fcr ein interessantes Thema, u.a.<\/span><\/p>\n<p style=\"font-weight: 400;\"><span style=\"font-size: 12pt;\">Wir freuen uns auf Sie! Wenn Sie zu dem Nachmittag abgeholt werden m\u00f6chten, melden Sie sich bitte sp\u00e4testens einen Tag vorher im Gemeindeb\u00fcro in Garz (vormittags bis 12.00 Uhr)<\/span><\/p>\n<p style=\"font-weight: 400;\"><span style=\"font-size: 12pt;\"><strong>Die n\u00e4chsten Termine:\u00a0 jeweils dienstags, 24. M\u00e4rz und 14. April<\/strong><\/span><\/p>\n<p>&nbsp;<\/p>\n<p>&nbsp;<\/p>\n","protected":false},"excerpt":{"rendered":"<p>Seniorensportgruppe jeden Montag um 14:00 Uhr im Gemeinderaum in Garz Seniorengruppe jeden Dienstag um 14:30 Uhr im Gemeinderaum in Garz Gemeinsamer Nachmittag der Senioren des Pfarrsprengel Zu gemeinsamen Nachmittagen der Senioren des Pfarrsprengels laden wir Sie herzlich in das Gemeinderaum in Garz. Wir beginnen um 14:30 Uhr mit Kaffee und Kuchen. Anschlie\u00dfend ist Zeit zum [&hellip;]<\/p>\n","protected":false},"author":3,"featured_media":0,"parent":0,"menu_order":0,"comment_status":"closed","ping_status":"closed","template":"","meta":[],"_links":{"self":[{"href":"https:\/\/pfarrsprengel-garz.de\/index.php?rest_route=\/wp\/v2\/pages\/3088"}],"collection":[{"href":"https:\/\/pfarrsprengel-garz.de\/index.php?rest_route=\/wp\/v2\/pages"}],"about":[{"href":"https:\/\/pfarrsprengel-garz.de\/index.php?rest_route=\/wp\/v2\/types\/page"}],"author":[{"embeddable":true,"href":"https:\/\/pfarrsprengel-garz.de\/index.php?rest_route=\/wp\/v2\/users\/3"}],"replies":[{"embeddable":true,"href":"https:\/\/pfarrsprengel-garz.de\/index.php?rest_route=%2Fwp%2Fv2%2Fcomments&post=3088"}],"version-history":[{"count":12,"href":"https:\/\/pfarrsprengel-garz.de\/index.php?rest_route=\/wp\/v2\/pages\/3088\/revisions"}],"predecessor-version":[{"id":3810,"href":"https:\/\/pfarrsprengel-garz.de\/index.php?rest_route=\/wp\/v2\/pages\/3088\/revisions\/3810"}],"wp:attachment":[{"href":"https:\/\/pfarrsprengel-garz.de\/index.php?rest_route=%2Fwp%2Fv2%2Fmedia&parent=3088"}],"curies":[{"name":"wp","href":"https:\/\/api.w.org\/{rel}","templated":true}]}}