{"id":318,"date":"2020-11-08T18:11:01","date_gmt":"2020-11-08T18:11:01","guid":{"rendered":"http:\/\/pfarrsprengel-garz.de\/?page_id=318"},"modified":"2024-09-27T04:33:10","modified_gmt":"2024-09-27T04:33:10","slug":"kontakt","status":"publish","type":"page","link":"https:\/\/pfarrsprengel-garz.de\/?page_id=318","title":{"rendered":"Kontakt"},"content":{"rendered":"\r\n<p><span style=\"font-size: 14pt;\"><strong>Gemeindeb\u00fcro <\/strong><\/span><span style=\"font-size: 14pt;\"><strong>und Friedhofsverwaltung f\u00fcr den Pfarrsprengel Garz<br \/><span style=\"font-size: 12pt;\">(Kirchengemeinde Garz-Sehlen-Zudar und Kirchengemeinde Poseritz)<\/span><\/strong><\/span><\/p>\r\n<p><span style=\"font-size: 12pt;\"><strong> Jana Mittelst\u00e4dt<\/strong><\/span><br \/><span style=\"font-size: 12pt;\">Montag &#8211; Donnerstag von 9.00 &#8211; 11.30 Uhr<\/span><br \/><span style=\"font-size: 12pt;\">Lange Str. 34<\/span><br \/><span style=\"font-size: 12pt;\">18574 Garz<\/span><br \/><span style=\"font-size: 12pt;\">Telefon\/Fax: 038304-829909<\/span><br \/><span style=\"font-size: 12pt;\">Mail: garz-buero@pek.de<\/span><\/p>\r\n<p><span style=\"font-size: 12pt;\">\r\n\r\n<\/span><\/p>\r\n<p><span style=\"font-size: 12pt;\"><strong><span style=\"font-size: 14pt;\">Pfarramt f\u00fcr den Pfarrsprengel Garz<\/span><br \/>Ev. Kirchengemeinde Garz-Sehlen-Zudar <br \/>Ev. Kirchengemeinde Poseritz<\/strong><\/span><br \/><span style=\"font-size: 12pt;\"><strong> Pastor Dietmar Mahnke<\/strong><\/span><br \/><br \/><span style=\"font-size: 12pt;\">Wendorfer Str. 17<\/span><br \/><span style=\"font-size: 12pt;\">18574 Garz<\/span><br \/><span style=\"font-size: 12pt;\">Telefon: 038304-257<\/span><br \/><span style=\"font-size: 12pt;\">Mail: garz@pek.de<\/span><\/p>\r\n<p><span style=\"font-size: 12pt;\">\r\n\r\n<\/span><\/p>\r\n<p><span style=\"font-size: 14pt;\"><strong>Mitarbeiterin f\u00fcr die Arbeit mit Kindern<\/strong><\/span><br \/><span style=\"font-size: 12pt;\"><strong>Aline Ziegan<\/strong><\/span><br \/><span style=\"font-size: 12pt;\">Mail: garz-kinder@pek.de<\/span><\/p>\r\n<p><span style=\"font-size: 12pt;\">\r\n\r\n<\/span><\/p>\r\n<p>&nbsp;<\/p>\r\n<p><span style=\"font-size: 12pt;\">\r\n\r\n<\/span><\/p>\r\n<p>&nbsp;<\/p>\r\n<p><span style=\"font-size: 12pt;\">\r\n\r\n<\/span><\/p>\r\n<p>&nbsp;<\/p>\r\n","protected":false},"excerpt":{"rendered":"<p>Gemeindeb\u00fcro und Friedhofsverwaltung f\u00fcr den Pfarrsprengel Garz(Kirchengemeinde Garz-Sehlen-Zudar und Kirchengemeinde Poseritz) Jana Mittelst\u00e4dtMontag &#8211; Donnerstag von 9.00 &#8211; 11.30 UhrLange Str. 3418574 GarzTelefon\/Fax: 038304-829909Mail: garz-buero@pek.de Pfarramt f\u00fcr den Pfarrsprengel GarzEv. Kirchengemeinde Garz-Sehlen-Zudar Ev. Kirchengemeinde Poseritz Pastor Dietmar Mahnke Wendorfer Str. 1718574 GarzTelefon: 038304-257Mail: garz@pek.de Mitarbeiterin f\u00fcr die Arbeit mit KindernAline ZieganMail: garz-kinder@pek.de &nbsp; &nbsp; &nbsp;<\/p>\n","protected":false},"author":3,"featured_media":0,"parent":0,"menu_order":0,"comment_status":"closed","ping_status":"closed","template":"","meta":[],"_links":{"self":[{"href":"https:\/\/pfarrsprengel-garz.de\/index.php?rest_route=\/wp\/v2\/pages\/318"}],"collection":[{"href":"https:\/\/pfarrsprengel-garz.de\/index.php?rest_route=\/wp\/v2\/pages"}],"about":[{"href":"https:\/\/pfarrsprengel-garz.de\/index.php?rest_route=\/wp\/v2\/types\/page"}],"author":[{"embeddable":true,"href":"https:\/\/pfarrsprengel-garz.de\/index.php?rest_route=\/wp\/v2\/users\/3"}],"replies":[{"embeddable":true,"href":"https:\/\/pfarrsprengel-garz.de\/index.php?rest_route=%2Fwp%2Fv2%2Fcomments&post=318"}],"version-history":[{"count":26,"href":"https:\/\/pfarrsprengel-garz.de\/index.php?rest_route=\/wp\/v2\/pages\/318\/revisions"}],"predecessor-version":[{"id":3113,"href":"https:\/\/pfarrsprengel-garz.de\/index.php?rest_route=\/wp\/v2\/pages\/318\/revisions\/3113"}],"wp:attachment":[{"href":"https:\/\/pfarrsprengel-garz.de\/index.php?rest_route=%2Fwp%2Fv2%2Fmedia&parent=318"}],"curies":[{"name":"wp","href":"https:\/\/api.w.org\/{rel}","templated":true}]}}