{"id":368,"date":"2020-11-09T16:51:37","date_gmt":"2020-11-09T16:51:37","guid":{"rendered":"http:\/\/pfarrsprengel-garz.de\/?page_id=368"},"modified":"2020-11-13T07:39:07","modified_gmt":"2020-11-13T07:39:07","slug":"st-stephanus-swantow","status":"publish","type":"page","link":"https:\/\/pfarrsprengel-garz.de\/?page_id=368","title":{"rendered":"St. Stephanus Swantow"},"content":{"rendered":"\n<h2 class=\"wp-block-heading\">St. Stephanus Swantow<\/h2>\n\n\n\n<p><strong>Diese Seite befindet sich noch im Aufbau<\/strong><\/p>\n\n\n\n<p>1294 wird das erste Mal eine Kirche in&nbsp;Swantow&nbsp;erw\u00e4hnt, sie tr\u00e4gt den Namen Sankt Stephanus. Mit dem Bau der heutigen Kirche aus Back- und Feldsteinen wurde im Jahr 1456 begonnen. Die Kirche&nbsp; steht dicht an der Stelle, wo sich einst der heilige Hain der Slawen (Swetagora f\u00fcr \u201eHeiliger Berg\u201c) befand. 1469 wurde der Chor vollendet mit einer urkundlich erw\u00e4hnten Altarweihe, anschlie\u00dfend das Langhaus mit Kreuzrippengew\u00f6lbe errichtet. Um 1500 wurde schlie\u00dflich der Westturm vorgesetzt. \u00dcberlieferungen zufolge taufte der d\u00e4nische Bischof Absalon von Roskild hier in Swantow auf der Insel R\u00fcgen die ersten Christen der Umgebung. Am inzwischen zugemauerten Nordportal finden Sie noch heute ein altes Weihwasserbecken vor.<\/p>\n\n\n\n<p>W\u00e4hrend der franz\u00f6sischen Besetzung diente die Kirche 1811 als Getreidelager. 1892 wurde St. Stephanus umfassend renoviert und erhielt Taufe, Orgel und Gest\u00fchl. Die barocke Ausstattung wurde im neugotischen Stil umgestaltet.<\/p>\n\n\n\n<p>Die heutige Kanzel stammt aus dem Jahre 1705. Sie ruht auf einer Figur, die Petrus darstellt und geh\u00f6rt zur barocken Ausstattung, die damals den Raum bestimmte. Ihr heutiges Aussehen verdankt die Kirche einer Restaurierung von 1978\/79, bei der die Ausstattung des Chors bis auf die Kanzel entfernt wurde. Es erfolgte die Neugestaltung des Altarraums mit einer einfachen Mensa und einer gotischen Kreuzigungsgruppe.<\/p>\n\n\n\n<p>Im Jahr 1997 wurde der Dachfirst der Kirche restauriert. Zu Pfingsten 2000 konnte das restaurierte Votivschiff wieder eingeweiht werden und h\u00e4ngt nun im Kirchenraum. Es ist eine Dreimastbark aus dem Jahr 1848 und ein Geschenk von Seeleuten als symbolische Bitte um gl\u00fcckliche Heimkehr.<\/p>\n\n\n\n<p>Die Orgel wurde 1846 von Friedrich Nerlich f\u00fcr die evangelische Kirche in Neuenkirchen auf R\u00fcgen erbaut. 1892 wurde sie durch Paul Mehmel nach Swantow umgesetzt. 1917 mussten die Prospektpfeifen abgegeben werden; zehn Jahre sp\u00e4ter wurden sie durch neue Zinkpfeifen ersetzt.<\/p>\n\n\n\n<p>Von 1999 bis 2003 restaurierte die&nbsp;Orgelbau- und Restaurierungswerkstatt Rainer Wolter&nbsp;dank des Engagements des&nbsp;<a rel=\"noreferrer noopener\" href=\"http:\/\/www.kirche-swantow.de\/\" target=\"_blank\"><strong>F\u00f6rdervereins Kirche Swantow<\/strong><\/a>&nbsp;die Orgel und rekonstruierte die urspr\u00fcngliche Disposition.<\/p>\n","protected":false},"excerpt":{"rendered":"<p>St. Stephanus Swantow Diese Seite befindet sich noch im Aufbau 1294 wird das erste Mal eine Kirche in&nbsp;Swantow&nbsp;erw\u00e4hnt, sie tr\u00e4gt den Namen Sankt Stephanus. Mit dem Bau der heutigen Kirche aus Back- und Feldsteinen wurde im Jahr 1456 begonnen. Die Kirche&nbsp; steht dicht an der Stelle, wo sich einst der heilige Hain der Slawen (Swetagora [&hellip;]<\/p>\n","protected":false},"author":3,"featured_media":0,"parent":0,"menu_order":0,"comment_status":"closed","ping_status":"closed","template":"","meta":[],"_links":{"self":[{"href":"https:\/\/pfarrsprengel-garz.de\/index.php?rest_route=\/wp\/v2\/pages\/368"}],"collection":[{"href":"https:\/\/pfarrsprengel-garz.de\/index.php?rest_route=\/wp\/v2\/pages"}],"about":[{"href":"https:\/\/pfarrsprengel-garz.de\/index.php?rest_route=\/wp\/v2\/types\/page"}],"author":[{"embeddable":true,"href":"https:\/\/pfarrsprengel-garz.de\/index.php?rest_route=\/wp\/v2\/users\/3"}],"replies":[{"embeddable":true,"href":"https:\/\/pfarrsprengel-garz.de\/index.php?rest_route=%2Fwp%2Fv2%2Fcomments&post=368"}],"version-history":[{"count":6,"href":"https:\/\/pfarrsprengel-garz.de\/index.php?rest_route=\/wp\/v2\/pages\/368\/revisions"}],"predecessor-version":[{"id":519,"href":"https:\/\/pfarrsprengel-garz.de\/index.php?rest_route=\/wp\/v2\/pages\/368\/revisions\/519"}],"wp:attachment":[{"href":"https:\/\/pfarrsprengel-garz.de\/index.php?rest_route=%2Fwp%2Fv2%2Fmedia&parent=368"}],"curies":[{"name":"wp","href":"https:\/\/api.w.org\/{rel}","templated":true}]}}