{"id":37,"date":"2015-03-07T15:36:30","date_gmt":"2015-03-07T15:36:30","guid":{"rendered":"http:\/\/pfarrsprengel-garz.de\/?page_id=37"},"modified":"2023-06-14T08:32:23","modified_gmt":"2023-06-14T08:32:23","slug":"friedhofsordnung","status":"publish","type":"page","link":"https:\/\/pfarrsprengel-garz.de\/?page_id=37","title":{"rendered":"Friedhofsordnung"},"content":{"rendered":"\r\n<p><span style=\"color: #000000;\"><strong><span style=\"font-size: 14pt;\">Hier finden Sie die Friedhofssatzungen und Friedhofsgeb\u00fchrensatzungen unserer Friedh\u00f6fe<\/span><\/strong><\/span><\/p>\r\n<p style=\"font-size: 18px;\"><a href=\"https:\/\/pfarrsprengel-garz.de\/wp-content\/uploads\/2023\/06\/Friedhofssatzung-Gebuehrensatzung-KG-Garz-Sehlen-Zudar-Kirchengemeinde-garz-Sehlen-Zudar-2023.pdf\" target=\"_blank\" rel=\"noopener\"><span style=\"font-size: 14pt; color: #0000ff;\"><strong>Friedh\u00f6fe Garz, Sehlen,Zudar<\/strong><\/span><\/a><\/p>\r\n<p><span style=\"font-size: 14pt; color: #0000ff;\">\r\n\r\n<\/span><\/p>\r\n<p><span style=\"font-size: 14pt; color: #0000ff;\">\r\n\r\n<\/span><\/p>\r\n<p><span style=\"font-size: 14pt; color: #0000ff;\">\r\n\r\n<\/span><\/p>\r\n<p><a href=\"https:\/\/pfarrsprengel-garz.de\/wp-content\/uploads\/2023\/06\/Friedhofssatzung-Gebuehrensatzung.pdf\" target=\"_blank\" rel=\"noopener\"><span style=\"color: #0000ff; font-size: 14pt;\"><strong>Friedh\u00f6fe Gustow, Poseritz, Swantow<\/strong><\/span><\/a><\/p>\r\n","protected":false},"excerpt":{"rendered":"<p>Hier finden Sie die Friedhofssatzungen und Friedhofsgeb\u00fchrensatzungen unserer Friedh\u00f6fe Friedh\u00f6fe Garz, Sehlen,Zudar Friedh\u00f6fe Gustow, Poseritz, Swantow<\/p>\n","protected":false},"author":2,"featured_media":0,"parent":13,"menu_order":0,"comment_status":"closed","ping_status":"open","template":"","meta":[],"_links":{"self":[{"href":"https:\/\/pfarrsprengel-garz.de\/index.php?rest_route=\/wp\/v2\/pages\/37"}],"collection":[{"href":"https:\/\/pfarrsprengel-garz.de\/index.php?rest_route=\/wp\/v2\/pages"}],"about":[{"href":"https:\/\/pfarrsprengel-garz.de\/index.php?rest_route=\/wp\/v2\/types\/page"}],"author":[{"embeddable":true,"href":"https:\/\/pfarrsprengel-garz.de\/index.php?rest_route=\/wp\/v2\/users\/2"}],"replies":[{"embeddable":true,"href":"https:\/\/pfarrsprengel-garz.de\/index.php?rest_route=%2Fwp%2Fv2%2Fcomments&post=37"}],"version-history":[{"count":13,"href":"https:\/\/pfarrsprengel-garz.de\/index.php?rest_route=\/wp\/v2\/pages\/37\/revisions"}],"predecessor-version":[{"id":2461,"href":"https:\/\/pfarrsprengel-garz.de\/index.php?rest_route=\/wp\/v2\/pages\/37\/revisions\/2461"}],"up":[{"embeddable":true,"href":"https:\/\/pfarrsprengel-garz.de\/index.php?rest_route=\/wp\/v2\/pages\/13"}],"wp:attachment":[{"href":"https:\/\/pfarrsprengel-garz.de\/index.php?rest_route=%2Fwp%2Fv2%2Fmedia&parent=37"}],"curies":[{"name":"wp","href":"https:\/\/api.w.org\/{rel}","templated":true}]}}