{"id":460,"date":"2020-11-12T19:33:00","date_gmt":"2020-11-12T19:33:00","guid":{"rendered":"http:\/\/pfarrsprengel-garz.de\/?page_id=460"},"modified":"2025-06-04T03:57:51","modified_gmt":"2025-06-04T03:57:51","slug":"kirchenbuero-und-friedhofsverwaltung","status":"publish","type":"page","link":"https:\/\/pfarrsprengel-garz.de\/?page_id=460","title":{"rendered":"Kirchenb\u00fcro und Friedhofsverwaltung"},"content":{"rendered":"\r\n<h2 class=\"wp-block-heading\"><strong>Kirchenb\u00fcro und Friedhofsverwaltung<\/strong><\/h2>\r\n\r\n\r\n\r\n<h4 class=\"wp-block-heading\"><strong>Lange Str. 34<\/strong><br \/><strong>18574 Garz<\/strong><br \/><strong>Telefon \/ Fax: 038304 \u2013 829909<\/strong><br \/><strong>Mail: garz-buero@pek.de<\/strong><\/h4>\r\n\r\n\r\n\r\n<p><strong>Unsere freundliche Mitarbeiterin im Kirchenb\u00fcro ist Jana Mittelst\u00e4dt.<\/strong><\/p>\r\n\r\n\r\n\r\n<p><strong>Sie ist von Montag bis Donnerstag in der Zeit von 9.00 \u2013 11.30 Uhr f\u00fcr Sie da<\/strong><\/p>\r\n<p><span style=\"color: #ff6600; font-size: 12pt;\"><strong>Information zur Friedhofsverwaltung<\/strong><\/span><br \/><span style=\"font-size: 12pt;\"> &gt;Ab dem 1.1.2024 werden auch die Friedh\u00f6fe der Kirchengemeinde Poseritz (Friedh\u00f6fe in Gustow, Poseritz und Swantow) im Gemeindeb\u00fcro des Pfarrsprengels Garz durch unsere Mitarbeiterin, Jana Mittelst\u00e4dt, verwaltet. \u00a0In allen Angelegenheiten der Friedh\u00f6fe Garz, Sehlen, Zudar, Gustow, Poseritz und Swantow k\u00f6nnen Sie sich an Frau Mittelst\u00e4dt wenden.<\/span><\/p>\r\n<p>&nbsp;<\/p>\r\n<p>&nbsp;<\/p>\r\n","protected":false},"excerpt":{"rendered":"<p>Kirchenb\u00fcro und Friedhofsverwaltung Lange Str. 3418574 GarzTelefon \/ Fax: 038304 \u2013 829909Mail: garz-buero@pek.de Unsere freundliche Mitarbeiterin im Kirchenb\u00fcro ist Jana Mittelst\u00e4dt. Sie ist von Montag bis Donnerstag in der Zeit von 9.00 \u2013 11.30 Uhr f\u00fcr Sie da Information zur Friedhofsverwaltung &gt;Ab dem 1.1.2024 werden auch die Friedh\u00f6fe der Kirchengemeinde Poseritz (Friedh\u00f6fe in Gustow, Poseritz [&hellip;]<\/p>\n","protected":false},"author":3,"featured_media":0,"parent":0,"menu_order":0,"comment_status":"closed","ping_status":"closed","template":"","meta":[],"_links":{"self":[{"href":"https:\/\/pfarrsprengel-garz.de\/index.php?rest_route=\/wp\/v2\/pages\/460"}],"collection":[{"href":"https:\/\/pfarrsprengel-garz.de\/index.php?rest_route=\/wp\/v2\/pages"}],"about":[{"href":"https:\/\/pfarrsprengel-garz.de\/index.php?rest_route=\/wp\/v2\/types\/page"}],"author":[{"embeddable":true,"href":"https:\/\/pfarrsprengel-garz.de\/index.php?rest_route=\/wp\/v2\/users\/3"}],"replies":[{"embeddable":true,"href":"https:\/\/pfarrsprengel-garz.de\/index.php?rest_route=%2Fwp%2Fv2%2Fcomments&post=460"}],"version-history":[{"count":6,"href":"https:\/\/pfarrsprengel-garz.de\/index.php?rest_route=\/wp\/v2\/pages\/460\/revisions"}],"predecessor-version":[{"id":3479,"href":"https:\/\/pfarrsprengel-garz.de\/index.php?rest_route=\/wp\/v2\/pages\/460\/revisions\/3479"}],"wp:attachment":[{"href":"https:\/\/pfarrsprengel-garz.de\/index.php?rest_route=%2Fwp%2Fv2%2Fmedia&parent=460"}],"curies":[{"name":"wp","href":"https:\/\/api.w.org\/{rel}","templated":true}]}}