{"id":764,"date":"2021-02-01T15:38:05","date_gmt":"2021-02-01T15:38:05","guid":{"rendered":"http:\/\/pfarrsprengel-garz.de\/?page_id=764"},"modified":"2021-02-01T16:13:05","modified_gmt":"2021-02-01T16:13:05","slug":"das-kirchenjahr","status":"publish","type":"page","link":"https:\/\/pfarrsprengel-garz.de\/?page_id=764","title":{"rendered":"Das Kirchenjahr"},"content":{"rendered":"<p><span style=\"font-size: 14pt;\"><strong>Das Kirchenjahr<\/strong><\/span><\/p>\n<p style=\"text-align: left;\"><span style=\"font-size: 12pt;\">Die Zeiten, Sonntage und Festtage des Kirchenjahres wollen uns die grundlegenden Inhalte des christlichen Glaubens \u00a0n\u00e4herbringen. \u00a0Sie verbinden den Glauben mit dem Jahreslauf. Das Kirchenjahr hat seinen eigenen Rhythmus im Verlauf eines Jahres. Es beginnt am 1. Advent und endet am<\/span>\u00a0<span style=\"font-size: 12pt;\">Totensonntag \/ Ewigkeitssonntag.<\/span><\/p>\n<p style=\"text-align: left;\"><span style=\"font-size: 12pt;\">Neben den Festen mit einem festen Datum im Kalenderjahr ( z.B. Weihnachten (25.\/26.12.) und der Reformationstag (31.10.), gibt es Festtage, deren Termine sich in jedem Jahr \u00e4ndern. So feiern wir Ostern am Sonntag nach dem ersten Vollmond nach dem Fr\u00fchlingsbeginn. Nach diesem Datum richten sich die beweglichen Festtage und Sonntage. Vierzig Tage nach Ostern ist Himmelfahrt und f\u00fcnfzig Tage nach dem Osterfest Pfingsten\u00a0<\/span><span style=\"font-size: 12pt;\">(der Ostersonntag wird dabei mitgez\u00e4hlt).<\/span><\/p>\n<p style=\"text-align: left;\"><span style=\"font-size: 12pt;\">Am Altar, an der Kanzel und am Lesepult sind in vielen Kirchen farbige Beh\u00e4nge angebracht, die sogenannten Antependien oder Paramente.\u00a0<\/span><span style=\"font-size: 12pt;\">Den unterschiedlichen Festen und Kirchenjahreszeiten sind jeweils Farben zugeordnet.<\/span><\/p>\n<p style=\"text-align: left;\"><span style=\"font-size: 12pt;\"><strong>Violett <\/strong>ist die Farbe der Bu\u00df- und Vorbereitungszeiten (Advent \/ Passionszeit \/ Bu\u00dftag).<\/span><br \/>\n<span style=\"font-size: 12pt;\">Die <strong>wei\u00dfe <\/strong>Farbe weist auf Christus hin und soll die Festtagsfreude ausdr\u00fccken (die Weihnachtszeit, Gr\u00fcndonnerstag, die Osterzeit und Trinitatis).<\/span><br \/>\n<span style=\"font-size: 12pt;\"><strong>Rot<\/strong> ist die Farbe, die auf den Heiligen Geist und die Kirche hinweist (Pfingsten, Reformationstag und Kirchenfeste).<\/span><br \/>\n<span style=\"font-size: 12pt;\">In manchen Kirchen wird am Karfreitag ein <strong>schwarzes <\/strong>Antependium als Zeichen der Trauer verwendet.<\/span><br \/>\n<span style=\"font-size: 12pt;\">F\u00fcr alle \u00fcbrigen Zeiten im Kirchenjahr steht die Farbe <strong>gr\u00fcn.<\/strong><\/span><\/p>\n<p><span style=\"font-size: 12pt;\"><strong>Wenn Sie auf das Bild klicken gelangen Sie zum liturgischen Kalender der Nordkirchenseite. Dort finden Sie \u00a0weitere<br \/> Informationen und die biblischen Texte zu der jeweiligen Sonntage und Festtage<\/strong><\/span><\/p>\n<p>&nbsp;<\/p>\n<p><a href=\"https:\/\/www.nordkirche.de\/glaube\/liturgischer-kalender\/\" target=\"_blank\" rel=\"noopener noreferrer\"><span style=\"font-size: 12pt;\"><strong><img decoding=\"async\" loading=\"lazy\" class=\"thumbnail aligncenter\" src=\"https:\/\/pfarrsprengel-garz.de\/wp-content\/uploads\/2021\/02\/Kirchenjahreskreis.jpg\" alt=\"\" width=\"180\" height=\"181\" \/><\/strong><\/span><\/a><\/p>\n<p>&nbsp;<\/p>\n","protected":false},"excerpt":{"rendered":"<p>Das Kirchenjahr Die Zeiten, Sonntage und Festtage des Kirchenjahres wollen uns die grundlegenden Inhalte des christlichen Glaubens \u00a0n\u00e4herbringen. \u00a0Sie verbinden den Glauben mit dem Jahreslauf. Das Kirchenjahr hat seinen eigenen Rhythmus im Verlauf eines Jahres. Es beginnt am 1. Advent und endet am\u00a0Totensonntag \/ Ewigkeitssonntag. Neben den Festen mit einem festen Datum im Kalenderjahr ( [&hellip;]<\/p>\n","protected":false},"author":3,"featured_media":0,"parent":0,"menu_order":0,"comment_status":"closed","ping_status":"closed","template":"","meta":[],"_links":{"self":[{"href":"https:\/\/pfarrsprengel-garz.de\/index.php?rest_route=\/wp\/v2\/pages\/764"}],"collection":[{"href":"https:\/\/pfarrsprengel-garz.de\/index.php?rest_route=\/wp\/v2\/pages"}],"about":[{"href":"https:\/\/pfarrsprengel-garz.de\/index.php?rest_route=\/wp\/v2\/types\/page"}],"author":[{"embeddable":true,"href":"https:\/\/pfarrsprengel-garz.de\/index.php?rest_route=\/wp\/v2\/users\/3"}],"replies":[{"embeddable":true,"href":"https:\/\/pfarrsprengel-garz.de\/index.php?rest_route=%2Fwp%2Fv2%2Fcomments&post=764"}],"version-history":[{"count":18,"href":"https:\/\/pfarrsprengel-garz.de\/index.php?rest_route=\/wp\/v2\/pages\/764\/revisions"}],"predecessor-version":[{"id":787,"href":"https:\/\/pfarrsprengel-garz.de\/index.php?rest_route=\/wp\/v2\/pages\/764\/revisions\/787"}],"wp:attachment":[{"href":"https:\/\/pfarrsprengel-garz.de\/index.php?rest_route=%2Fwp%2Fv2%2Fmedia&parent=764"}],"curies":[{"name":"wp","href":"https:\/\/api.w.org\/{rel}","templated":true}]}}